{"id":106,"date":"2024-07-23T17:18:42","date_gmt":"2024-07-23T15:18:42","guid":{"rendered":"https:\/\/disforicaysocorro.com\/?page_id=106"},"modified":"2024-07-28T12:17:01","modified_gmt":"2024-07-28T10:17:01","slug":"presentacion","status":"publish","type":"page","link":"https:\/\/disforicaysocorro.com\/index.php\/presentacion\/","title":{"rendered":"disf\u00f3rica y socorro (por regina)"},"content":{"rendered":"\n<p>Disf\u00f3rica y socorro es un blog que nace de Sexo en Nueva York, aunque no de forma literal. Cuando en el episodio 16 de la tercera temporada Carrie Bradshaw se enfrenta a ese s\u00edndrome de impostora sobre escribir su columna sin ser experta, me inspir\u00f3 para escribir de la forma que hace ella: desde la experiencia.<\/p>\n\n\n\n<p>Es agotador pensar en la cantidad de veces que he le\u00eddo art\u00edculos o visto entrevistas de expertes sobre temas BLGATIQ+ y me he seguido sintiendo igual de sola, porque hablaban desde un academicismo que m\u00e1s dec\u00eda de las estructuras que se supone que debo conocer que de c\u00f3mo sobrellevar la vida, as\u00ed, en general.<\/p>\n\n\n\n<p>Cuando ve\u00eda Gossip Girl o Sexo en Nueva York, con esos blogs a trav\u00e9s de una voz en off que narraba problemas de mujeres cishetero ricas, sent\u00eda una conexi\u00f3n forzada que me permit\u00eda construir un imaginario y comprender algunas cosas del amor o mi feminidad. Pero la inercia a desconectar estaba ah\u00ed en todo momento, \u00bfqu\u00e9 tengo en com\u00fan con esa neoyorquina rica cishetero? \u00bfC\u00f3mo ser\u00eda ese blog narrado por una personalidad trans, bibollera y autista?<\/p>\n\n\n\n<p>Cada vez que voy a alg\u00fan evento del colectivo BLGATIQ+ surge el tema de que necesitamos m\u00e1s referentes, porque a veces nos encontramos demasiado solas. Cuando hablo con mis colegas o conocides cishetero me hacen el interrogatorio sobre educaci\u00f3n BLGATIQ+ cometiendo todo tipo de imprudencias y excus\u00e1ndose en aquello de que as\u00ed ha sido su educaci\u00f3n y que hace falta hablar m\u00e1s de esto.<\/p>\n\n\n\n<p>S<em>ocorro<\/em>. Al principio usaba esta palabra porque es la t\u00edpica muletilla de una gen-z BLGATIQ+, que usamos por lo divertido que nos puede parecer pedir auxilio en un tono suave. Lo cierto es que muchas de las ocasiones en que usaba esta muletilla lo hac\u00eda porque algo en la conversaci\u00f3n se hab\u00eda torcido demasiado como para estar c\u00f3moda. Eso acab\u00f3 por tener nombre, pero me cost\u00f3 mucho sufrimiento conocerlo (s\u00ed, estoy hablando de la disforia).<\/p>\n\n\n\n<p>Desde que comprend\u00ed que la disforia era el motor del sufrimiento que me ha acompa\u00f1ado siempre, me toc\u00f3 comprenderla y hacerle hueco en mi d\u00eda a d\u00eda (hasta que la consiga echar de mi vida, espero que este blog sirva, en parte, para ello).<\/p>\n\n\n\n<p>As\u00ed, <strong>disf\u00f3rica y socorro<\/strong> son el adjetivo que me ha ayudado a comprender mi sufrimiento y que me describe en buena parte de mi d\u00eda a d\u00eda, y el mantra que me sirve para seguir adelante con las situaciones disf\u00f3ricas.<\/p>\n","protected":false},"excerpt":{"rendered":"<p>Disf\u00f3rica y socorro es un blog que nace de Sexo en Nueva York, aunque no de forma literal. Cuando en el episodio 16 de la tercera temporada Carrie Bradshaw se enfrenta a ese s\u00edndrome de impostora sobre escribir su columna sin ser experta, me inspir\u00f3 para escribir de la forma que hace ella: desde la [&hellip;]<\/p>\n","protected":false},"author":1,"featured_media":220,"parent":0,"menu_order":0,"comment_status":"closed","ping_status":"closed","template":"","meta":{"footnotes":""},"class_list":["post-106","page","type-page","status-publish","has-post-thumbnail","hentry"],"_links":{"self":[{"href":"https:\/\/disforicaysocorro.com\/index.php\/wp-json\/wp\/v2\/pages\/106","targetHints":{"allow":["GET"]}}],"collection":[{"href":"https:\/\/disforicaysocorro.com\/index.php\/wp-json\/wp\/v2\/pages"}],"about":[{"href":"https:\/\/disforicaysocorro.com\/index.php\/wp-json\/wp\/v2\/types\/page"}],"author":[{"embeddable":true,"href":"https:\/\/disforicaysocorro.com\/index.php\/wp-json\/wp\/v2\/users\/1"}],"replies":[{"embeddable":true,"href":"https:\/\/disforicaysocorro.com\/index.php\/wp-json\/wp\/v2\/comments?post=106"}],"version-history":[{"count":7,"href":"https:\/\/disforicaysocorro.com\/index.php\/wp-json\/wp\/v2\/pages\/106\/revisions"}],"predecessor-version":[{"id":157,"href":"https:\/\/disforicaysocorro.com\/index.php\/wp-json\/wp\/v2\/pages\/106\/revisions\/157"}],"wp:featuredmedia":[{"embeddable":true,"href":"https:\/\/disforicaysocorro.com\/index.php\/wp-json\/wp\/v2\/media\/220"}],"wp:attachment":[{"href":"https:\/\/disforicaysocorro.com\/index.php\/wp-json\/wp\/v2\/media?parent=106"}],"curies":[{"name":"wp","href":"https:\/\/api.w.org\/{rel}","templated":true}]}}